{"id":1098,"date":"2019-03-20T11:28:02","date_gmt":"2019-03-20T11:28:02","guid":{"rendered":"https:\/\/villaanaporec.com\/?page_id=1098"},"modified":"2019-04-17T13:22:06","modified_gmt":"2019-04-17T13:22:06","slug":"porec","status":"publish","type":"page","link":"https:\/\/villaanaporec.com\/de\/destination\/","title":{"rendered":"Destination"},"content":{"rendered":"<p>[vc_row][vc_column][rev_slider_vc alias=&#8221;destination&#8221;]<div class=\"sohohotel-title2 sohohotel-title-color\"><h3>Destination<\/h3><\/div>[vc_column_text]Istrien ist st eine ganz besondere herzf\u00f6rmige Halbinsel. Sie ist rau und hart, voll harter Stein in der Mitte aber auch sonnig, gr\u00fcn und magisch an den R\u00e4ndern wo das endlose blaue Meer die Alpen ber\u00fchrt. Es existiert seit der Antike mit dem Namen des illyrischen Stammes Histri, der die erste Bewohner dieser gegend waren. Diese attraktive Mittelmeer Destination ist aufgrund seiner Sport- und Freizeiteinrichtungen, Radwege, hochwertiger Dienstleistung, Gourmet-Geschmack, Weinstra\u00dfen und reiches kulturelles Erbe das am meisten entwickelte Reiseziel in Kroatien.<\/p>\n<p>Pore\u010d ist das gr\u00f6\u00dfte Reiseziel in Istrien und liegt in der Mitte der Westk\u00fcste. Die Stadt besteht aus der Vorgeschichte aber w\u00e4hrend des R\u00f6mischen Reiches stieg sie an. Es zeigt sich in der st\u00e4dtischen Struktur, in den Stra\u00dfen und Pl\u00e4tzen, vor allem in der Hauptstra\u00dfe Decumanus. Es gibt viele Denkm\u00e4ler aus der Antike in der Altstadt, aber das wichtigste Denkmal ist die im 6. Jahrhundert erbaute Basilika Eufrasiana. Der einzigartige k\u00fcnstlerische Komplex der Basilika mit der Pracht goldener Mosaiken ist im UNESCO-Welterbe eingetragen. Die Basilika ist t\u00e4glich f\u00fcr Besucher ge\u00f6ffnet, au\u00dfer bei religi\u00f6sen Ritualen. Sie haben die M\u00f6glichkeit diese luxuri\u00f6sen Kirche zu genie\u00dfen, durch die Katakomben zu laufen und den Kirchturm mit einer bezaubernden Aussicht zu besteigen. Ein St\u00fcck Geschichte, das Sie nicht verpassen d\u00fcrfen!<\/p>\n<p>Aber wie wurde Pore\u010d zum Sieger des kroatischen Tourismus? Abgesehen von nat\u00fcrlichen Sch\u00f6nheiten wie das klare Meer, gr\u00fcne Felder, Weinbergen und Olivenhainen bietet die Stadt zahlreiche Einrichtungen f\u00fcr Erholung, Sport und die Freizeit. Hier finden Sie mehr als 200 Tennispl\u00e4tze, Fitnesscenter, Wassersportarten wie Tauchen und Segeln, Reiten, Minigolf, Beachvolleyball und vieles mehr. Das ganze Gebiet ist mit Wander- und Radwegen entlang der K\u00fcste bedeckt, auf denen Sie Ihre ideale Zeit in der Natur genie\u00dfen k\u00f6nnen. Und das Beste ist, dass Sie diese Aktivit\u00e4ten von den ersten Fr\u00fchlingsb\u00e4umen bis zum sp\u00e4ten Herbst genie\u00dfen k\u00f6nnen. Pore\u010d bietet den perfekten Urlaub das ganze Jahr \u00fcber! <\/p>\n<p>Nachdem Sie die wundersch\u00f6ne Landschaft Istriens entdeckt haben, k\u00f6nnen Sie die ber\u00fchmte Gastronomie erkunden. Diese Halbinsel beherbergt die besten Oliven\u00f6le, leckere Weine und eine ausgezeichnete K\u00fcche. Das istrische Innere verbirgt Tr\u00fcffel &#8211; ein m\u00e4chtiger unterirdischer Aphrodisiakum, Schatz vieler istrischen Speisen. Besuchen Sie einige der besten Restaurants und Tavernen, in denen Sie Prosciutto, K\u00e4se, Tr\u00fcffel und Honig probieren k\u00f6nnen und sich in die wahren Aromen der istrischen K\u00fcche verlieben. Danach machen Sie einen Halt in einem von den mittelalterlichen St\u00e4dten auf dem H\u00fcgel und mit einem Glas Teran genie\u00dfen Sie diese stille Umgebung mit ihrem Zauber am Horizont.<br \/>\n[\/vc_column_text][\/vc_column][\/vc_row]<\/p>","protected":false},"excerpt":{"rendered":"<p>[vc_row][vc_column][rev_slider_vc alias=&#8221;destination&#8221;][vc_column_text]Istrien ist st eine ganz besondere herzf\u00f6rmige Halbinsel. Sie ist rau und hart, voll harter Stein in der Mitte aber auch sonnig, gr\u00fcn und magisch an den R\u00e4ndern wo das endlose blaue Meer die Alpen ber\u00fchrt. Es existiert seit der Antike mit dem Namen des illyrischen Stammes Histri, der die erste Bewohner dieser gegend<\/p>\n<a href=\"https:\/\/villaanaporec.com\/de\/destination\/\" class=\"sohohotel-more-link\">Read More<i class=\"fa fa-angle-right\"><\/i><\/a>","protected":false},"author":1,"featured_media":0,"parent":0,"menu_order":0,"comment_status":"closed","ping_status":"closed","template":"","meta":[],"_links":{"self":[{"href":"https:\/\/villaanaporec.com\/de\/wp-json\/wp\/v2\/pages\/1098"}],"collection":[{"href":"https:\/\/villaanaporec.com\/de\/wp-json\/wp\/v2\/pages"}],"about":[{"href":"https:\/\/villaanaporec.com\/de\/wp-json\/wp\/v2\/types\/page"}],"author":[{"embeddable":true,"href":"https:\/\/villaanaporec.com\/de\/wp-json\/wp\/v2\/users\/1"}],"replies":[{"embeddable":true,"href":"https:\/\/villaanaporec.com\/de\/wp-json\/wp\/v2\/comments?post=1098"}],"version-history":[{"count":8,"href":"https:\/\/villaanaporec.com\/de\/wp-json\/wp\/v2\/pages\/1098\/revisions"}],"predecessor-version":[{"id":1348,"href":"https:\/\/villaanaporec.com\/de\/wp-json\/wp\/v2\/pages\/1098\/revisions\/1348"}],"wp:attachment":[{"href":"https:\/\/villaanaporec.com\/de\/wp-json\/wp\/v2\/media?parent=1098"}],"curies":[{"name":"wp","href":"https:\/\/api.w.org\/{rel}","templated":true}]}}