{"id":1100,"date":"2019-03-20T11:28:37","date_gmt":"2019-03-20T11:28:37","guid":{"rendered":"https:\/\/villaanaporec.com\/?page_id=1100"},"modified":"2020-01-22T10:40:07","modified_gmt":"2020-01-22T10:40:07","slug":"beach","status":"publish","type":"page","link":"https:\/\/villaanaporec.com\/de\/strande\/","title":{"rendered":"Strande"},"content":{"rendered":"<p>[vc_row][vc_column][rev_slider_vc alias=&#8221;plaze&#8221;]<div class=\"sohohotel-title2 sohohotel-title-color\"><h3>Strande<\/h3><\/div>[vc_column_text]Pore\u010d ist eine attraktive Kleinstadt Istriens, die ihre Tourismusrekorde gerade wegen ihrer wundersch\u00f6nen Str\u00e4nden und der perfekten Qualit\u00e4t ihres Meeres aufstellt. Die meisten Str\u00e4nde im Pore\u010d sind stolz auf ihre Blauen Flaggen, eine internationale Anerkennung die die Reinheit des Meeres und des Strandes garantiert. Abgesehen von der au\u00dfergew\u00f6hnlichen Qualit\u00e4t des Meeres, eine wichtige rolle spielt darin die Ordnung und Ausr\u00fcstung der Str\u00e4nde. Die meisten Str\u00e4nde sind mit Duschen und Wechselkabinen ausgestattet, haben einen geordneten Eintritt ins Meer und bieten die M\u00f6glichkeit Liegest\u00fchle und Sonnenschirme zu mieten. In der N\u00e4he sind Restaurants, Kaffeebars, Gesch\u00e4fte, St\u00e4nde mit Obst oder Strandsortiment und Toiletten zur Verf\u00fcgung. Machen Sie sich aber keine Sorgen, es gibt auch ein Angebot f\u00fcr die die ruhige Buchten m\u00f6gen, mit kristallklarem Meer und unber\u00fchrter Natur, die sogenannte wilde Str\u00e4nde. Pore\u010d hat alles! Familienfreundliche Str\u00e4nde, f\u00fcr Paare, Lieber der Wassersporte und Aktivit\u00e4ten am Meer, und auch f\u00fcr unsere Freunde auf vier Beinen. Verschiedene Arten von Str\u00e4nden f\u00fcr jeden Geschmack!<\/p>\n<p>Wir haben f\u00fcr euch eine Liste der sch\u00f6nsten Str\u00e4nden in Pore\u010d erstellt:<\/p>\n<p><strong>1. MAREA &amp; PARENTINO FAMILIENSTR\u00c4NDE<\/strong><br \/>\nNeu eingerichtete Str\u00e4nde etwa ein paar Schritte von Villa Anna. Diese Str\u00e4nde zeichnen sich durch ihre Lage, moderne Dekor und Ausr\u00fcstung aus und die breite Palette von anderen Leistungen wie Bars und Restaurants und Wassersporte und Aktivit\u00e4ten.<br \/>\nMarea ist eine wundersch\u00f6ne Sandbucht ideal f\u00fcr Familien mit Kindern. Diese neu eingerichtete Strand wird an Besuchern am 1. Juni 2019 er\u00f6ffnet. Sie k\u00f6nnen sich auf einer grasigen oder sandigen Liegewiese mit Liegest\u00fchlen und Sonnenschirmen entspannen, w\u00e4hrend Ihre Kinder auf dem Kinderspielplatz oder im Wasserpark Spa\u00df haben.<br \/>\nParentino (ex Pical) ist ein Kieselstrand mit nat\u00fcrlichen Schatten der Kiefer und vielen verschiedenen Annehmlichkeiten f\u00fcr jedes Alter. Strand Parentino hat auch einen Geheimtrumpf, den Sie in der Abendd\u00e4mmerung entdecken werden und das ist der Sonnenuntergang mit der sch\u00f6nsten Aussicht auf die Altstadt Pore\u010d.<\/p>\n<p><strong>2. STR\u00c4NDE AUF DER INSEL SVETI NIKOLA<\/strong><br \/>\nWenn Sie einen Hauch von Luxus sp\u00fcren m\u00f6chten, eine kurze Bootsfahrt bringt Sie zu Themenstr\u00e4nden der Insel Sveti Nikola.<br \/>\nHier k\u00f6nnen Sie zwischen sandigen Str\u00e4nden f\u00fcr Kinder, eleganten Familienstr\u00e4nden, t\u00e4glichen felsigen Str\u00e4nden und einem ruhigen Strand nur f\u00fcr Erwachsene w\u00e4hlen.<\/p>\n<p><strong>3. STR\u00c4NDE LAGUNA GALIJOT<\/strong><br \/>\nPore\u010d Str\u00e4nde nach Wahl der lokalen Bev\u00f6lkerung! Die kleine bewaldete Halbinsel in Plava Laguna verbirgt einen wahren Reichtum von Str\u00e4nden. Entlang der K\u00fcste der Halbinsel erstrecken sich wundersch\u00f6n eingerichtete felsige Str\u00e4nde mit Duschen und Wechselkabinen, versteckte Buchten, einem Kinderpark, einem Volleyballplatz und einer Gastst\u00e4tte. Die Halbinsel selbst ist aufgrund ihrer Lage sehr ruhig und der Kiefernwald gibt ihr einen Hauch von Intimit\u00e4t und Inselidylle.<br \/>\n[\/vc_column_text][\/vc_column][\/vc_row]<\/p>","protected":false},"excerpt":{"rendered":"<p>[vc_row][vc_column][rev_slider_vc alias=&#8221;plaze&#8221;][vc_column_text]Pore\u010d ist eine attraktive Kleinstadt Istriens, die ihre Tourismusrekorde gerade wegen ihrer wundersch\u00f6nen Str\u00e4nden und der perfekten Qualit\u00e4t ihres Meeres aufstellt. Die meisten Str\u00e4nde im Pore\u010d sind stolz auf ihre Blauen Flaggen, eine internationale Anerkennung die die Reinheit des Meeres und des Strandes garantiert. Abgesehen von der au\u00dfergew\u00f6hnlichen Qualit\u00e4t des Meeres, eine wichtige rolle<\/p>\n<a href=\"https:\/\/villaanaporec.com\/de\/strande\/\" class=\"sohohotel-more-link\">Read More<i class=\"fa fa-angle-right\"><\/i><\/a>","protected":false},"author":1,"featured_media":0,"parent":0,"menu_order":0,"comment_status":"closed","ping_status":"closed","template":"","meta":[],"_links":{"self":[{"href":"https:\/\/villaanaporec.com\/de\/wp-json\/wp\/v2\/pages\/1100"}],"collection":[{"href":"https:\/\/villaanaporec.com\/de\/wp-json\/wp\/v2\/pages"}],"about":[{"href":"https:\/\/villaanaporec.com\/de\/wp-json\/wp\/v2\/types\/page"}],"author":[{"embeddable":true,"href":"https:\/\/villaanaporec.com\/de\/wp-json\/wp\/v2\/users\/1"}],"replies":[{"embeddable":true,"href":"https:\/\/villaanaporec.com\/de\/wp-json\/wp\/v2\/comments?post=1100"}],"version-history":[{"count":15,"href":"https:\/\/villaanaporec.com\/de\/wp-json\/wp\/v2\/pages\/1100\/revisions"}],"predecessor-version":[{"id":1360,"href":"https:\/\/villaanaporec.com\/de\/wp-json\/wp\/v2\/pages\/1100\/revisions\/1360"}],"wp:attachment":[{"href":"https:\/\/villaanaporec.com\/de\/wp-json\/wp\/v2\/media?parent=1100"}],"curies":[{"name":"wp","href":"https:\/\/api.w.org\/{rel}","templated":true}]}}