{"id":12,"date":"2019-03-04T11:49:55","date_gmt":"2019-03-04T11:49:55","guid":{"rendered":"https:\/\/villaanaporec.com\/?page_id=12"},"modified":"2024-01-25T17:12:47","modified_gmt":"2024-01-25T17:12:47","slug":"gourmet","status":"publish","type":"page","link":"https:\/\/villaanaporec.com\/de\/gourmet\/","title":{"rendered":"Gourmet"},"content":{"rendered":"<p>[vc_row][vc_column][rev_slider_vc alias=&#8221;gourmet&#8221;]<div class=\"sohohotel-title1 sohohotel-title-color\"><h1>Gourmet<\/h1><h3>Empfehlung von Villa Ana<\/h3><\/div>[vc_column_text]Nachdem Sie die wundersch\u00f6ne Landschaft Istriens entdeckt haben, seien Sie bereit, deren renommierte Gastronomie zu erkunden. Diese Halbinsel ist die Heimat der besten Oliven\u00f6le, exquisiter Weine und k\u00f6stlicher K\u00fcche. Im Inneren Istriens verbergen sich Tr\u00fcffel &#8211; ein kraftvolles unterirdisches Aphrodisiakum, der Schatz vieler istrischer Gerichte. Probieren Sie einige der besten Restaurants und Tavernen aus, wo Sie Schinken, K\u00e4se, Tr\u00fcffel, Honig kosten und sich in die wahren Aromen der istrischen K\u00fcche verlieben k\u00f6nnen. Danach machen Sie einen Halt in einigen der mittelalterlichen St\u00e4dte auf den H\u00fcgeln, genie\u00dfen Sie ein Glas Teran und erfreuen Sie sich an dieser friedlichen Umgebung mit ihrem Zauber am Horizont.[\/vc_column_text][\/vc_column][\/vc_row][vc_row css=&#8221;.vc_custom_1571305682125{padding-bottom: 60px !important;}&#8221;][vc_column]<section class=\"sohohotel-about-us-block-wrapper sohohotel-clearfix sohohotel-about-us-block-wrapper-right-align-image\"><div class=\"sohohotel-image-wrapper\" style=\"background:url(https:\/\/villaanaporec.com\/wp-content\/uploads\/2019\/10\/Restoran-Willy.jpg.png) no-repeat center top;\"><img src=\"https:\/\/villaanaporec.com\/wp-content\/uploads\/2019\/10\/Restoran-Willy.jpg.png\" alt=\"\" \/><\/div><div class=\"sohohotel-about-us-block\"><h3>Restaurant by Willy<\/h3><p>Das Willy Restaurant in Pore\u010d, bekannt f\u00fcr seine authentische istrische K\u00fcche, liegt nur 200 Meter von der Villa Ana entfernt. Es ist ein beliebter Ort, der traditionelle und moderne Aromen in einer gem\u00fctlichen Umgebung verbindet, und ein Muss f\u00fcr jeden, der die kulinarischen Gen\u00fcsse der Region erleben m\u00f6chte.<\/p>\n<p>F\u00fcr weitere Informationen besuchen Sie ihre TripAdvisor-Seite hier<\/p><a target=\"_blank\" href=\"https:\/\/www.tripadvisor.com\/Restaurant_Review-g303829-d4800508-Reviews-Willy_Restaurant-Porec_Istria.html\" class=\"sohohotel-about-us-block-button\">TripAdvisor<i class=\"fa fa-angle-right\"><\/i><\/a><\/div><\/section>[\/vc_column][\/vc_row]<\/p>","protected":false},"excerpt":{"rendered":"<p>[vc_row][vc_column][rev_slider_vc alias=&#8221;gourmet&#8221;][vc_column_text]Nachdem Sie die wundersch\u00f6ne Landschaft Istriens entdeckt haben, seien Sie bereit, deren renommierte Gastronomie zu erkunden. Diese Halbinsel ist die Heimat der besten Oliven\u00f6le, exquisiter Weine und k\u00f6stlicher K\u00fcche. Im Inneren Istriens verbergen sich Tr\u00fcffel &#8211; ein kraftvolles unterirdisches Aphrodisiakum, der Schatz vieler istrischer Gerichte. Probieren Sie einige der besten Restaurants und Tavernen aus,<\/p>\n<a href=\"https:\/\/villaanaporec.com\/de\/gourmet\/\" class=\"sohohotel-more-link\">Read More<i class=\"fa fa-angle-right\"><\/i><\/a>","protected":false},"author":1,"featured_media":0,"parent":0,"menu_order":0,"comment_status":"closed","ping_status":"closed","template":"","meta":[],"_links":{"self":[{"href":"https:\/\/villaanaporec.com\/de\/wp-json\/wp\/v2\/pages\/12"}],"collection":[{"href":"https:\/\/villaanaporec.com\/de\/wp-json\/wp\/v2\/pages"}],"about":[{"href":"https:\/\/villaanaporec.com\/de\/wp-json\/wp\/v2\/types\/page"}],"author":[{"embeddable":true,"href":"https:\/\/villaanaporec.com\/de\/wp-json\/wp\/v2\/users\/1"}],"replies":[{"embeddable":true,"href":"https:\/\/villaanaporec.com\/de\/wp-json\/wp\/v2\/comments?post=12"}],"version-history":[{"count":38,"href":"https:\/\/villaanaporec.com\/de\/wp-json\/wp\/v2\/pages\/12\/revisions"}],"predecessor-version":[{"id":2047,"href":"https:\/\/villaanaporec.com\/de\/wp-json\/wp\/v2\/pages\/12\/revisions\/2047"}],"wp:attachment":[{"href":"https:\/\/villaanaporec.com\/de\/wp-json\/wp\/v2\/media?parent=12"}],"curies":[{"name":"wp","href":"https:\/\/api.w.org\/{rel}","templated":true}]}}