{"id":1094,"date":"2019-03-20T11:22:37","date_gmt":"2019-03-20T11:22:37","guid":{"rendered":"https:\/\/villaanaporec.com\/?page_id=1094"},"modified":"2019-10-17T13:27:00","modified_gmt":"2019-10-17T13:27:00","slug":"house-rules","status":"publish","type":"page","link":"https:\/\/villaanaporec.com\/it\/regolamento-it\/","title":{"rendered":"Regolamento"},"content":{"rendered":"<p>[vc_row][vc_column width=&#8221;2\/3&#8243;][vc_column_text]<strong>Cari ospiti, Vi preghiamo di rispettare le seguenti regole della casa:<\/strong><\/p>\n<ul>\n<li>Gli ospiti stessi sono responsabili per la propriet\u00e0 personale e gli oggetti di valore lasciati nell&#8217; edificio e il proprietario non \u00e8 responsabile per la successiva perdita degli stessi.<\/li>\n<li>Gli ospiti sono responsabili del loro comportamento nella casa e nell&#8217;area circostante e, in caso di incidente, ne sopportano le conseguenze.<\/li>\n<li>Chiudere a chiave le porte dall&#8217;interno e prima di uscire assicurati di chiudere porte e finestre, spegnere le luci e tutti gli elettrodomestici e chiudere i rubinetti.<\/li>\n<li>In circostanze eccezionali e in assenza di un ospite, il proprietario ha il diritto di entrare in casa per evitare il verificarsi di possibili danni o pericoli. Il proprietario \u00e8 obbligato a informare l&#8217;ospite di questa voce al primo contatto successivo.<\/li>\n<li>La distruzione di attrezzature e mobili, causando disordine e disturbo agli altri ospiti, cos\u00ec come fare rumori forti, \u00e8 vietata.<\/li>\n<li>Non \u00e8 permesso portare armi, materiale esplosivo e facilmente infiammabile.<\/li>\n<li>L&#8217;uso di attrezzature ed apparecchi che non fanno parte integrante dell&#8217;offerta della casa possono essere utilizzati solo con il consenso del propietario.<\/li>\n<li>In caso di scomparsa o danneggiamento di installazioni, mobili, elettrodomestici, attrezzature della casa, l&#8217;ospite \u00e8 tenuto a informare il propietario. Nel caso in cui la scomparsa o il danno si \u00e8 verificato a causa dell&#8217;ospite, l&#8217;ospite \u00e8 obbligato a compensare il valore corrispondente.<\/li>\n<li>\u00c8 vietato rimuovere dalla casa elettrodomestici e attrezzature (asciugamani, copriletti).<\/li>\n<li>\u00c8 obligatorio consegnare la carta d&#8217;identit\u00e0 o il passaporto al propietario\u00a0immediatamente all&#8217;arrivo per la registrazione presso l&#8217;ufficio del turismo.<\/li>\n<li>Puoi offrire i tuoi commenti, suggerimenti e complimenti al propietario\u00a0che \u00e8 a tua disposizione.<\/li>\n<li><strong>\u200bE vietato qualsiasi rumore molesto dalle 23:00 &#8211; 07:00 ore.<\/strong><\/li>\n<li><strong>Il Check-in e dalle 14:00 e il Check-out e fino alle ore 10:00.<\/strong> L&#8217;appartamento deve essere liberato entro le ore 10:00 del giorno dipartenza.<\/li>\n<li>Quando vi registrate ed entrate in camera si ritiene che siate d&#8217;accordo con le regole della casa e le abbiate accetate.<\/li>\n<\/ul>\n<p>[\/vc_column_text][\/vc_column][vc_column width=&#8221;1\/3&#8243;][vc_message]<strong>Aiutateci a prenderci cura dell&#8217;ambiente:<\/strong>[\/vc_message][vc_message icon_fontawesome=&#8221;fa fa-handshake-o&#8221;]Risparmiate acqua-\u00a0Sappimo tutti che l&#8217;acqua e una risorsa scarsa che ha un impatto diretto sul nostro ambiente naturale percio cerchiamo di ridurre al minimo il suo consumo. Potete aiutarci cambiando gli asciugamani e le lenzuola solo quando cio e necessario, serrando la spina dell&#8217;acqua mentre vi state insaponando, state facendo lo shampoo o vi state lavando i denti, o semplicemente utillizzando lo sciaquone economico (breve) quando disponibile.[\/vc_message][vc_message icon_fontawesome=&#8221;fa fa-handshake-o&#8221;]Riducete l&#8217;uso dei prodotti chimici &#8211;\u00a0\u200bPiu lavaggi facciamo, piu sostanze chimiche piu dobbiamo utilizzare, quindi per favore richiedete il cambio bianchieria solo quando ne avete realmente bisogno.[\/vc_message][vc_message icon_fontawesome=&#8221;fa fa-handshake-o&#8221;]Risparmiare energia &#8211;\u00a0Spegnete le luci inutili in camera ogni volta che potete.[\/vc_message][vc_message icon_fontawesome=&#8221;fa fa-handshake-o&#8221;]Consigli ed uso coretto del climatizzatore &#8211;\u00a0Evitare di aprire porte e finestre durante il funzionamento. La differenza della temperatura interna e esterna non dovrebbe superare i 4-5 gradi Celsius.\u00a0Si prega di spegnere il climatizzatore quando si esce dall&#8217;apartamento non solo per motivi di sivurezza ma anche quelli ambientali.\u200b\u200b[\/vc_message][\/vc_column][\/vc_row]<\/p>","protected":false},"excerpt":{"rendered":"<p>[vc_row][vc_column width=&#8221;2\/3&#8243;][vc_column_text]Cari ospiti, Vi preghiamo di rispettare le seguenti regole della casa: Gli ospiti stessi sono responsabili per la propriet\u00e0 personale e gli oggetti di valore lasciati nell&#8217; edificio e il proprietario non \u00e8 responsabile per la successiva perdita degli stessi. Gli ospiti sono responsabili del loro comportamento nella casa e nell&#8217;area circostante e, in<\/p>\n<a href=\"https:\/\/villaanaporec.com\/it\/regolamento-it\/\" class=\"sohohotel-more-link\">Read More<i class=\"fa fa-angle-right\"><\/i><\/a>","protected":false},"author":1,"featured_media":0,"parent":0,"menu_order":0,"comment_status":"closed","ping_status":"closed","template":"","meta":[],"_links":{"self":[{"href":"https:\/\/villaanaporec.com\/it\/wp-json\/wp\/v2\/pages\/1094"}],"collection":[{"href":"https:\/\/villaanaporec.com\/it\/wp-json\/wp\/v2\/pages"}],"about":[{"href":"https:\/\/villaanaporec.com\/it\/wp-json\/wp\/v2\/types\/page"}],"author":[{"embeddable":true,"href":"https:\/\/villaanaporec.com\/it\/wp-json\/wp\/v2\/users\/1"}],"replies":[{"embeddable":true,"href":"https:\/\/villaanaporec.com\/it\/wp-json\/wp\/v2\/comments?post=1094"}],"version-history":[{"count":27,"href":"https:\/\/villaanaporec.com\/it\/wp-json\/wp\/v2\/pages\/1094\/revisions"}],"predecessor-version":[{"id":1485,"href":"https:\/\/villaanaporec.com\/it\/wp-json\/wp\/v2\/pages\/1094\/revisions\/1485"}],"wp:attachment":[{"href":"https:\/\/villaanaporec.com\/it\/wp-json\/wp\/v2\/media?parent=1094"}],"curies":[{"name":"wp","href":"https:\/\/api.w.org\/{rel}","templated":true}]}}