{"id":1098,"date":"2019-03-20T11:28:02","date_gmt":"2019-03-20T11:28:02","guid":{"rendered":"https:\/\/villaanaporec.com\/?page_id=1098"},"modified":"2019-04-17T13:22:06","modified_gmt":"2019-04-17T13:22:06","slug":"porec","status":"publish","type":"page","link":"https:\/\/villaanaporec.com\/it\/destinazione\/","title":{"rendered":"Destinazione"},"content":{"rendered":"<p>[vc_row][vc_column][rev_slider_vc alias=&#8221;destination&#8221;]<div class=\"sohohotel-title2 sohohotel-title-color\"><h3>Destinazione<\/h3><\/div>[vc_column_text]L&#8217;Istria \u00e8 una penisola a forma di cuore molto speciale. \u00c8 ruvida e severa, piena di pietre dure nel mezzo, ma anche soleggiata, verde e magica sui bordi dove l&#8217;infinito mare blu tocca le Alpi. Si erge dai tempi antichi con il nome derivato dalla trib\u00f9 illirica Histri, che furono i primi abitanti che vivevano qui. Questo attraente ambiente mediterraneo \u00e8 la destinazione pi\u00f9 sviluppata in Croazia per le sue strutture sportive e ricreative, piste ciclabili, servizi di alta qualit\u00e0, sapori gourmet, strade del vino e il suo ricco patrimonio culturale.<br \/>\nPorec \u00e8 la pi\u00f9 grande destinazione turistica in Istria e si trova nel mezzo della costa occidentale. La citt\u00e0 esiste dalla preistoria, ma risale durante l&#8217;Impero Romano. Questo \u00e8 visibile nella sua struttura urbana, strade e piazze, specialmente nella principale via del Decumano. Ci sono molti monumenti dell&#8217;antichit\u00e0 nella citt\u00e0 vecchia, ma il monumento pi\u00f9 importante da vedere \u00e8 la Basilica Eufrasiana costruita nel VI secolo. Il complesso artistico unico della basilica, con lo splendore dei mosaici dorati, \u00e8 iscritto nel Registro del patrimonio mondiale dell&#8217;UNESCO. \u00c8 aperto ai visitatori tutti i giorni tranne durante i rituali religiosi. Hai l&#8217;opportunit\u00e0 di goderti pezzo per pezzo di questa lussuosa chiesa, passeggiare attraverso le catacombe e salire fino al campanile con una vista incantevole. Non puoi perdere questo pezzo di storia!<\/p>\n<p>Ma come ha fatto Pore\u010d a diventare il campione del turismo croato? Tranne le sue bellezze naturali come il mare limpido, i campi verdi, i vigneti e gli uliveti, questa citt\u00e0 offre numerose strutture per il riposo, lo sport e il tempo libero. Qui puoi trovare pi\u00f9 di 200 campi da tennis, centro fitness, attivit\u00e0 acquatiche come immersioni e vela, equitazione, mini golf, beach volley e molto altro ancora. Tutta la zona \u00e8 coperta da percorsi pedonali e ciclabili lungo la riva del mare, dove \u00e8 possibile godersi il tempo ideale nella natura. E il meglio \u00e8 che puoi goderti questa attivit\u00e0 dai primi segni della primavera fino al tardo autunno. Porec offre una vacanza perfetta per tutto l&#8217;anno!<\/p>\n<p>Dopo aver scoperto il meraviglioso paesaggio istriano, preparati a esplorare la sua rinomata gastronomia. Questa penisola ospita i migliori oli d&#8217;oliva, vini squisiti e una cucina deliziosa. Al centro dell Istria si nasconde il Tartufo  &#8211; un potente afrodisiaco sotterraneo, un tesoro di molti piatti istriani. Scopri alcuni dei migliori ristoranti, taverne, dove puoi gustare prosciutto, formaggio, tartufo, miele e innamorati dei veri aromi della cucina istriana. Dopo di che fai una sosta in alcune delle citt\u00e0 medievali sulla collina, sorseggia un bicchiere di terrano e goditi questo tranquillo circondare con la sua magia all&#8217;orizzonte.<br \/>\n[\/vc_column_text][\/vc_column][\/vc_row]<\/p>","protected":false},"excerpt":{"rendered":"<p>[vc_row][vc_column][rev_slider_vc alias=&#8221;destination&#8221;][vc_column_text]L&#8217;Istria \u00e8 una penisola a forma di cuore molto speciale. \u00c8 ruvida e severa, piena di pietre dure nel mezzo, ma anche soleggiata, verde e magica sui bordi dove l&#8217;infinito mare blu tocca le Alpi. Si erge dai tempi antichi con il nome derivato dalla trib\u00f9 illirica Histri, che furono i primi abitanti che<\/p>\n<a href=\"https:\/\/villaanaporec.com\/it\/destinazione\/\" class=\"sohohotel-more-link\">Read More<i class=\"fa fa-angle-right\"><\/i><\/a>","protected":false},"author":1,"featured_media":0,"parent":0,"menu_order":0,"comment_status":"closed","ping_status":"closed","template":"","meta":[],"_links":{"self":[{"href":"https:\/\/villaanaporec.com\/it\/wp-json\/wp\/v2\/pages\/1098"}],"collection":[{"href":"https:\/\/villaanaporec.com\/it\/wp-json\/wp\/v2\/pages"}],"about":[{"href":"https:\/\/villaanaporec.com\/it\/wp-json\/wp\/v2\/types\/page"}],"author":[{"embeddable":true,"href":"https:\/\/villaanaporec.com\/it\/wp-json\/wp\/v2\/users\/1"}],"replies":[{"embeddable":true,"href":"https:\/\/villaanaporec.com\/it\/wp-json\/wp\/v2\/comments?post=1098"}],"version-history":[{"count":8,"href":"https:\/\/villaanaporec.com\/it\/wp-json\/wp\/v2\/pages\/1098\/revisions"}],"predecessor-version":[{"id":1348,"href":"https:\/\/villaanaporec.com\/it\/wp-json\/wp\/v2\/pages\/1098\/revisions\/1348"}],"wp:attachment":[{"href":"https:\/\/villaanaporec.com\/it\/wp-json\/wp\/v2\/media?parent=1098"}],"curies":[{"name":"wp","href":"https:\/\/api.w.org\/{rel}","templated":true}]}}