{"id":1100,"date":"2019-03-20T11:28:37","date_gmt":"2019-03-20T11:28:37","guid":{"rendered":"https:\/\/villaanaporec.com\/?page_id=1100"},"modified":"2020-01-22T10:40:07","modified_gmt":"2020-01-22T10:40:07","slug":"beach","status":"publish","type":"page","link":"https:\/\/villaanaporec.com\/it\/spiagge\/","title":{"rendered":"Spiagge"},"content":{"rendered":"<p>[vc_row][vc_column][rev_slider_vc alias=&#8221;plaze&#8221;]<div class=\"sohohotel-title2 sohohotel-title-color\"><h3>Spiagge<\/h3><\/div>[vc_column_text]Parenzo \u00e8 un&#8217;affascinante citt\u00e0 istriana che registra il suo primato nel turismo grazie alle sue splendide spiagge e alla perfetta qualit\u00e0 del mare.La maggior parte delle spiagge di Parenzo sono orgogliose della Bandiera Blu, un premio internazionale che garantisce la pulizia del mare e della spiaggia.Oltre alla straordinaria qualit\u00e0 del mare, questo ruolo gioca un ruolo importante nella decorazione e negli stabilimenti balneari.La maggior parte della spiaggia \u00e8 dotata di docce e cabine spogliatoio, ha un ingresso attrezzato sul mare, una sedia a sdraio e un noleggio ombrellone, ristoranti nelle vicinanze, bar, negozi, bancarelle di frutta o accessori da spiaggia e nicchie sanitarie si trovano nelle vicinanze. Non preoccupatevi c&#8217;\u00e8 un&#8217;offerta per chi ama le baie tranquille, con acque cristalline e natura incontaminata, le cosiddette spiagge selvagge. Porec ha tutto! Le spiagge su misura per famiglie, coppie, amanti degli sport acquatici e attivit\u00e0 in mare, e anche per quelli su quattro zampe. Diversi tipi di spiagge per tutti i gusti!<\/p>\n<p>Abbiamo creato un elenco delle nostre spiagge pi\u00f9 belle di Parenzo:<\/p>\n<p><strong>1. SPIAGGIA FAMIGLIA MAREA E PARENTINO<\/strong><br \/>\nSpiagge recentemente rinnovate a pochi passi da Villa Ana. Queste spiagge si distinguono per la loro posizione, le strutture moderne e le comodit\u00e0 delle spiagge stesse, e la grande offerta di altri servizi come bar e ristoranti, sport acquatici e attivit\u00e0.<br \/>\nMarea \u00e8 una bellissima insenatura sabbiosa ideale per famiglie con bambini. Questa spiaggia recentemente ristrutturata \u00e8 aperta ai visitatori il 01.06.2019. Potrete rilassarvi su una zona prendisole erbosa o sabbiosa con lettini e ombrelloni, mentre i vostri bambini sono intrattenuti presso il parco giochi per bambini o nel parco acquatico.<br \/>\nParentino (ex Pical) \u00e8 una spiaggia di ciottoli con un&#8217;ombra naturale di pini e una grande variet\u00e0 di servizi vari per tutte le et\u00e0. La spiaggia del Parentino ha anche un segreto, lo scoprirete al crepuscolo, che \u00e8 il tramonto con la vista pi\u00f9 attraente sulla citt\u00e0 vecchia di Parenzo.<\/p>\n<p><strong>2. SPIAGGIA SULL&#8217;ISOLA DI SAN NICOLA<\/strong><br \/>\nVuoi sentire un tocco di lusso, un breve tragitto in barca dal lungomare di Parenzo vi porter\u00e0 ad una spiaggia a tema sull&#8217;isola di San Nicola. Qui \u00e8 possibile scegliere tra una spiaggia: sabbiosa per bambini, elegante per le famiglie oppure spiagge rocciose quotidiane e tranquille per soli adulti.<\/p>\n<p><strong>3. SPIAGGIA LAGUNA GALIJOT<\/strong><br \/>\nLe spiagge di Parenzo per scelta della popolazione locale! La piccola penisola boscosa nella Laguna Blu nasconde la ricchezza della spiaggia giusta. Lungo la costa della penisola sono splendidamente decorate spiagge rocciose con docce e spogliatoi, baie nascoste, un parco per bambini, un campo da pallavolo e un ristorante. La penisola stessa \u00e8 eccezionalmente tranquilla grazie alla sua posizione, e gli alberi di pino gli conferiscono intimit\u00e0 e propio un&#8217;isola idilliaca.<\/p>\n<p>[\/vc_column_text][\/vc_column][\/vc_row]<\/p>","protected":false},"excerpt":{"rendered":"<p>[vc_row][vc_column][rev_slider_vc alias=&#8221;plaze&#8221;][vc_column_text]Parenzo \u00e8 un&#8217;affascinante citt\u00e0 istriana che registra il suo primato nel turismo grazie alle sue splendide spiagge e alla perfetta qualit\u00e0 del mare.La maggior parte delle spiagge di Parenzo sono orgogliose della Bandiera Blu, un premio internazionale che garantisce la pulizia del mare e della spiaggia.Oltre alla straordinaria qualit\u00e0 del mare, questo ruolo gioca<\/p>\n<a href=\"https:\/\/villaanaporec.com\/it\/spiagge\/\" class=\"sohohotel-more-link\">Read More<i class=\"fa fa-angle-right\"><\/i><\/a>","protected":false},"author":1,"featured_media":0,"parent":0,"menu_order":0,"comment_status":"closed","ping_status":"closed","template":"","meta":[],"_links":{"self":[{"href":"https:\/\/villaanaporec.com\/it\/wp-json\/wp\/v2\/pages\/1100"}],"collection":[{"href":"https:\/\/villaanaporec.com\/it\/wp-json\/wp\/v2\/pages"}],"about":[{"href":"https:\/\/villaanaporec.com\/it\/wp-json\/wp\/v2\/types\/page"}],"author":[{"embeddable":true,"href":"https:\/\/villaanaporec.com\/it\/wp-json\/wp\/v2\/users\/1"}],"replies":[{"embeddable":true,"href":"https:\/\/villaanaporec.com\/it\/wp-json\/wp\/v2\/comments?post=1100"}],"version-history":[{"count":15,"href":"https:\/\/villaanaporec.com\/it\/wp-json\/wp\/v2\/pages\/1100\/revisions"}],"predecessor-version":[{"id":1360,"href":"https:\/\/villaanaporec.com\/it\/wp-json\/wp\/v2\/pages\/1100\/revisions\/1360"}],"wp:attachment":[{"href":"https:\/\/villaanaporec.com\/it\/wp-json\/wp\/v2\/media?parent=1100"}],"curies":[{"name":"wp","href":"https:\/\/api.w.org\/{rel}","templated":true}]}}